{"id":758,"date":"2023-12-29T15:46:01","date_gmt":"2023-12-29T14:46:01","guid":{"rendered":"http:\/\/ragdoll-pacificocean.fr\/index.php\/a-propos-de-nous\/"},"modified":"2025-06-05T22:31:18","modified_gmt":"2025-06-05T20:31:18","slug":"a-propos-de-nous","status":"publish","type":"page","link":"https:\/\/ragdoll-pacificocean.fr\/index.php\/a-propos-de-nous\/","title":{"rendered":"A propos de nous"},"content":{"rendered":"","protected":false},"excerpt":{"rendered":"","protected":false},"author":1,"featured_media":0,"parent":0,"menu_order":0,"comment_status":"closed","ping_status":"closed","template":"full-width","meta":{"saved_in_kubio":true,"_kadence_starter_templates_imported_post":false,"footnotes":""},"class_list":["post-758","page","type-page","status-publish","hentry"],"kubio_ai_page_context":{"short_desc":"","purpose":"general"},"yoast_head":"<!-- This site is optimized with the Yoast SEO plugin v25.0 - https:\/\/yoast.com\/wordpress\/plugins\/seo\/ -->\n<title>A propos de nous - Elevage Pacific Ocean<\/title>\n<meta name=\"description\" content=\"Pr\u00e9sentation \u00e9levage Pacific Ocean chat chaton ragdoll loof pedigree. 84 Vaucluse. 30 Gard. 07 Ard\u00e8che. 38 Is\u00e8re. 13 Bouches-du-Rh\u00f4ne. 26 Dr\u00f4me. 83 Var.\" \/>\n<meta name=\"robots\" content=\"index, follow, max-snippet:-1, max-image-preview:large, max-video-preview:-1\" \/>\n<link rel=\"canonical\" href=\"https:\/\/ragdoll-pacificocean.fr\/index.php\/a-propos-de-nous\/\" \/>\n<meta property=\"og:locale\" content=\"en_US\" \/>\n<meta property=\"og:type\" content=\"article\" \/>\n<meta property=\"og:title\" content=\"A propos de nous - Elevage Pacific Ocean\" \/>\n<meta property=\"og:description\" content=\"Pr\u00e9sentation \u00e9levage Pacific Ocean chat chaton ragdoll loof pedigree. 84 Vaucluse. 30 Gard. 07 Ard\u00e8che. 38 Is\u00e8re. 13 Bouches-du-Rh\u00f4ne. 26 Dr\u00f4me. 83 Var.\" \/>\n<meta property=\"og:url\" content=\"https:\/\/ragdoll-pacificocean.fr\/index.php\/a-propos-de-nous\/\" \/>\n<meta property=\"og:site_name\" content=\"Elevage Pacific Ocean\" \/>\n<meta property=\"article:publisher\" content=\"https:\/\/www.facebook.com\/ElevagePacificOcean\" \/>\n<meta property=\"article:modified_time\" content=\"2025-06-05T20:31:18+00:00\" \/>\n<meta property=\"og:image\" content=\"http:\/\/ragdoll-pacificocean.fr\/wp-content\/uploads\/2023\/02\/Capture-decran-2023-02-26-221154-1024x284.png\" \/>\n<meta name=\"twitter:card\" content=\"summary_large_image\" \/>\n<meta name=\"twitter:label1\" content=\"Est. reading time\" \/>\n\t<meta name=\"twitter:data1\" content=\"2 minutes\" \/>\n<script type=\"application\/ld+json\" class=\"yoast-schema-graph\">{\"@context\":\"https:\/\/schema.org\",\"@graph\":[{\"@type\":\"WebPage\",\"@id\":\"https:\/\/ragdoll-pacificocean.fr\/index.php\/a-propos-de-nous\/\",\"url\":\"https:\/\/ragdoll-pacificocean.fr\/index.php\/a-propos-de-nous\/\",\"name\":\"A propos de nous - Elevage Pacific Ocean\",\"isPartOf\":{\"@id\":\"https:\/\/ragdoll-pacificocean.fr\/#website\"},\"primaryImageOfPage\":{\"@id\":\"https:\/\/ragdoll-pacificocean.fr\/index.php\/a-propos-de-nous\/#primaryimage\"},\"image\":{\"@id\":\"https:\/\/ragdoll-pacificocean.fr\/index.php\/a-propos-de-nous\/#primaryimage\"},\"thumbnailUrl\":\"http:\/\/ragdoll-pacificocean.fr\/wp-content\/uploads\/2023\/02\/Capture-decran-2023-02-26-221154-1024x284.png\",\"datePublished\":\"2023-12-29T14:46:01+00:00\",\"dateModified\":\"2025-06-05T20:31:18+00:00\",\"description\":\"Pr\u00e9sentation \u00e9levage Pacific Ocean chat chaton ragdoll loof pedigree. 84 Vaucluse. 30 Gard. 07 Ard\u00e8che. 38 Is\u00e8re. 13 Bouches-du-Rh\u00f4ne. 26 Dr\u00f4me. 83 Var.\",\"breadcrumb\":{\"@id\":\"https:\/\/ragdoll-pacificocean.fr\/index.php\/a-propos-de-nous\/#breadcrumb\"},\"inLanguage\":\"en-US\",\"potentialAction\":[{\"@type\":\"ReadAction\",\"target\":[\"https:\/\/ragdoll-pacificocean.fr\/index.php\/a-propos-de-nous\/\"]}]},{\"@type\":\"ImageObject\",\"inLanguage\":\"en-US\",\"@id\":\"https:\/\/ragdoll-pacificocean.fr\/index.php\/a-propos-de-nous\/#primaryimage\",\"url\":\"https:\/\/ragdoll-pacificocean.fr\/wp-content\/uploads\/2023\/02\/Capture-decran-2023-02-26-221154.png\",\"contentUrl\":\"https:\/\/ragdoll-pacificocean.fr\/wp-content\/uploads\/2023\/02\/Capture-decran-2023-02-26-221154.png\",\"width\":1136,\"height\":315},{\"@type\":\"BreadcrumbList\",\"@id\":\"https:\/\/ragdoll-pacificocean.fr\/index.php\/a-propos-de-nous\/#breadcrumb\",\"itemListElement\":[{\"@type\":\"ListItem\",\"position\":1,\"name\":\"Accueil\",\"item\":\"https:\/\/ragdoll-pacificocean.fr\/\"},{\"@type\":\"ListItem\",\"position\":2,\"name\":\"A propos de nous\"}]},{\"@type\":\"WebSite\",\"@id\":\"https:\/\/ragdoll-pacificocean.fr\/#website\",\"url\":\"https:\/\/ragdoll-pacificocean.fr\/\",\"name\":\"Elevage Pacific Ocean\",\"description\":\"Elevage de chat Ragdolls LOOF\",\"publisher\":{\"@id\":\"https:\/\/ragdoll-pacificocean.fr\/#organization\"},\"potentialAction\":[{\"@type\":\"SearchAction\",\"target\":{\"@type\":\"EntryPoint\",\"urlTemplate\":\"https:\/\/ragdoll-pacificocean.fr\/?s={search_term_string}\"},\"query-input\":{\"@type\":\"PropertyValueSpecification\",\"valueRequired\":true,\"valueName\":\"search_term_string\"}}],\"inLanguage\":\"en-US\"},{\"@type\":\"Organization\",\"@id\":\"https:\/\/ragdoll-pacificocean.fr\/#organization\",\"name\":\"Elevage du Pacific Ocean\",\"url\":\"https:\/\/ragdoll-pacificocean.fr\/\",\"logo\":{\"@type\":\"ImageObject\",\"inLanguage\":\"en-US\",\"@id\":\"https:\/\/ragdoll-pacificocean.fr\/#\/schema\/logo\/image\/\",\"url\":\"https:\/\/ragdoll-pacificocean.fr\/wp-content\/uploads\/2026\/04\/Illustration_sans_titre-14.png\",\"contentUrl\":\"https:\/\/ragdoll-pacificocean.fr\/wp-content\/uploads\/2026\/04\/Illustration_sans_titre-14.png\",\"width\":2048,\"height\":2048,\"caption\":\"Elevage du Pacific Ocean\"},\"image\":{\"@id\":\"https:\/\/ragdoll-pacificocean.fr\/#\/schema\/logo\/image\/\"},\"sameAs\":[\"https:\/\/www.facebook.com\/ElevagePacificOcean\",\"https:\/\/www.instagram.com\/ragdolldupacificocean\/?hl=fr\",\"https:\/\/www.tiktok.com\/@ragdolldupacificocean?lang=fr\"]}]}<\/script>\n<!-- \/ Yoast SEO plugin. -->","yoast_head_json":{"title":"A propos de nous - Elevage Pacific Ocean","description":"Pr\u00e9sentation \u00e9levage Pacific Ocean chat chaton ragdoll loof pedigree. 84 Vaucluse. 30 Gard. 07 Ard\u00e8che. 38 Is\u00e8re. 13 Bouches-du-Rh\u00f4ne. 26 Dr\u00f4me. 83 Var.","robots":{"index":"index","follow":"follow","max-snippet":"max-snippet:-1","max-image-preview":"max-image-preview:large","max-video-preview":"max-video-preview:-1"},"canonical":"https:\/\/ragdoll-pacificocean.fr\/index.php\/a-propos-de-nous\/","og_locale":"en_US","og_type":"article","og_title":"A propos de nous - Elevage Pacific Ocean","og_description":"Pr\u00e9sentation \u00e9levage Pacific Ocean chat chaton ragdoll loof pedigree. 84 Vaucluse. 30 Gard. 07 Ard\u00e8che. 38 Is\u00e8re. 13 Bouches-du-Rh\u00f4ne. 26 Dr\u00f4me. 83 Var.","og_url":"https:\/\/ragdoll-pacificocean.fr\/index.php\/a-propos-de-nous\/","og_site_name":"Elevage Pacific Ocean","article_publisher":"https:\/\/www.facebook.com\/ElevagePacificOcean","article_modified_time":"2025-06-05T20:31:18+00:00","og_image":[{"url":"http:\/\/ragdoll-pacificocean.fr\/wp-content\/uploads\/2023\/02\/Capture-decran-2023-02-26-221154-1024x284.png","type":"","width":"","height":""}],"twitter_card":"summary_large_image","twitter_misc":{"Est. reading time":"2 minutes"},"schema":{"@context":"https:\/\/schema.org","@graph":[{"@type":"WebPage","@id":"https:\/\/ragdoll-pacificocean.fr\/index.php\/a-propos-de-nous\/","url":"https:\/\/ragdoll-pacificocean.fr\/index.php\/a-propos-de-nous\/","name":"A propos de nous - Elevage Pacific Ocean","isPartOf":{"@id":"https:\/\/ragdoll-pacificocean.fr\/#website"},"primaryImageOfPage":{"@id":"https:\/\/ragdoll-pacificocean.fr\/index.php\/a-propos-de-nous\/#primaryimage"},"image":{"@id":"https:\/\/ragdoll-pacificocean.fr\/index.php\/a-propos-de-nous\/#primaryimage"},"thumbnailUrl":"http:\/\/ragdoll-pacificocean.fr\/wp-content\/uploads\/2023\/02\/Capture-decran-2023-02-26-221154-1024x284.png","datePublished":"2023-12-29T14:46:01+00:00","dateModified":"2025-06-05T20:31:18+00:00","description":"Pr\u00e9sentation \u00e9levage Pacific Ocean chat chaton ragdoll loof pedigree. 84 Vaucluse. 30 Gard. 07 Ard\u00e8che. 38 Is\u00e8re. 13 Bouches-du-Rh\u00f4ne. 26 Dr\u00f4me. 83 Var.","breadcrumb":{"@id":"https:\/\/ragdoll-pacificocean.fr\/index.php\/a-propos-de-nous\/#breadcrumb"},"inLanguage":"en-US","potentialAction":[{"@type":"ReadAction","target":["https:\/\/ragdoll-pacificocean.fr\/index.php\/a-propos-de-nous\/"]}]},{"@type":"ImageObject","inLanguage":"en-US","@id":"https:\/\/ragdoll-pacificocean.fr\/index.php\/a-propos-de-nous\/#primaryimage","url":"https:\/\/ragdoll-pacificocean.fr\/wp-content\/uploads\/2023\/02\/Capture-decran-2023-02-26-221154.png","contentUrl":"https:\/\/ragdoll-pacificocean.fr\/wp-content\/uploads\/2023\/02\/Capture-decran-2023-02-26-221154.png","width":1136,"height":315},{"@type":"BreadcrumbList","@id":"https:\/\/ragdoll-pacificocean.fr\/index.php\/a-propos-de-nous\/#breadcrumb","itemListElement":[{"@type":"ListItem","position":1,"name":"Accueil","item":"https:\/\/ragdoll-pacificocean.fr\/"},{"@type":"ListItem","position":2,"name":"A propos de nous"}]},{"@type":"WebSite","@id":"https:\/\/ragdoll-pacificocean.fr\/#website","url":"https:\/\/ragdoll-pacificocean.fr\/","name":"Elevage Pacific Ocean","description":"Elevage de chat Ragdolls LOOF","publisher":{"@id":"https:\/\/ragdoll-pacificocean.fr\/#organization"},"potentialAction":[{"@type":"SearchAction","target":{"@type":"EntryPoint","urlTemplate":"https:\/\/ragdoll-pacificocean.fr\/?s={search_term_string}"},"query-input":{"@type":"PropertyValueSpecification","valueRequired":true,"valueName":"search_term_string"}}],"inLanguage":"en-US"},{"@type":"Organization","@id":"https:\/\/ragdoll-pacificocean.fr\/#organization","name":"Elevage du Pacific Ocean","url":"https:\/\/ragdoll-pacificocean.fr\/","logo":{"@type":"ImageObject","inLanguage":"en-US","@id":"https:\/\/ragdoll-pacificocean.fr\/#\/schema\/logo\/image\/","url":"https:\/\/ragdoll-pacificocean.fr\/wp-content\/uploads\/2026\/04\/Illustration_sans_titre-14.png","contentUrl":"https:\/\/ragdoll-pacificocean.fr\/wp-content\/uploads\/2026\/04\/Illustration_sans_titre-14.png","width":2048,"height":2048,"caption":"Elevage du Pacific Ocean"},"image":{"@id":"https:\/\/ragdoll-pacificocean.fr\/#\/schema\/logo\/image\/"},"sameAs":["https:\/\/www.facebook.com\/ElevagePacificOcean","https:\/\/www.instagram.com\/ragdolldupacificocean\/?hl=fr","https:\/\/www.tiktok.com\/@ragdolldupacificocean?lang=fr"]}]}},"_links":{"self":[{"href":"https:\/\/ragdoll-pacificocean.fr\/index.php\/wp-json\/wp\/v2\/pages\/758","targetHints":{"allow":["GET"]}}],"collection":[{"href":"https:\/\/ragdoll-pacificocean.fr\/index.php\/wp-json\/wp\/v2\/pages"}],"about":[{"href":"https:\/\/ragdoll-pacificocean.fr\/index.php\/wp-json\/wp\/v2\/types\/page"}],"author":[{"embeddable":true,"href":"https:\/\/ragdoll-pacificocean.fr\/index.php\/wp-json\/wp\/v2\/users\/1"}],"replies":[{"embeddable":true,"href":"https:\/\/ragdoll-pacificocean.fr\/index.php\/wp-json\/wp\/v2\/comments?post=758"}],"version-history":[{"count":5,"href":"https:\/\/ragdoll-pacificocean.fr\/index.php\/wp-json\/wp\/v2\/pages\/758\/revisions"}],"predecessor-version":[{"id":1117,"href":"https:\/\/ragdoll-pacificocean.fr\/index.php\/wp-json\/wp\/v2\/pages\/758\/revisions\/1117"}],"wp:attachment":[{"href":"https:\/\/ragdoll-pacificocean.fr\/index.php\/wp-json\/wp\/v2\/media?parent=758"}],"curies":[{"name":"wp","href":"https:\/\/api.w.org\/{rel}","templated":true}]}}